{"id":1909,"date":"2016-04-30T13:01:10","date_gmt":"2016-04-30T11:01:10","guid":{"rendered":"http:\/\/www.rossiilluminazione.it\/product\/galle-style-lamp-with-engraved-glass\/"},"modified":"2016-04-30T13:01:10","modified_gmt":"2016-04-30T11:01:10","slug":"galle-style-lamp-with-engraved-glass","status":"publish","type":"product","link":"https:\/\/www.rossiilluminazione.it\/en\/table-lamps\/galle-style-lamp-with-engraved-glass\/","title":{"rendered":"Gall\u00e9 style lamp with Engraved Glass"},"content":{"rendered":"<p>This Gall\u00e9 type table lamp is distinguished by its glass engraved and decorated in the style of Emile Gall\u00e9, revealing an artistic work that follows the style of the author and represents forms of nature, both floral and animal. The Gall\u00e9 type table lamp adapts to the environment making it cozy, and transmit vibrancy and warmth to those who observe it and let themselves be enlightened. The base, burnished antimony, engraved and decorated, is equally characteristic, and complete the work in an elegant way, transforming this table lamp in a perfect piece of furniture for the various rooms of the house, from the living room to the dining room.<\/p>\n","protected":false},"excerpt":{"rendered":"<p>Table lamp with glass in Gall\u00e9 style. Etched glass shade, base in burnished antimony, decorated with engravings and patinated.<\/p>\n","protected":false},"featured_media":1602,"template":"","meta":[],"product_cat":[67],"product_tag":[],"class_list":{"0":"post-1909","1":"product","2":"type-product","3":"status-publish","4":"has-post-thumbnail","6":"product_cat-table-lamps","8":"first","9":"outofstock","10":"shipping-taxable","11":"product-type-simple"},"yoast_head":"<!-- This site is optimized with the Yoast SEO plugin v23.0 - https:\/\/yoast.com\/wordpress\/plugins\/seo\/ -->\n<title>Gall\u00e9 style lamp with Engraved Glass di 2026 - Rossi Illuminazione<\/title>\n<meta name=\"robots\" content=\"index, follow, max-snippet:-1, max-image-preview:large, max-video-preview:-1\" \/>\n<link rel=\"canonical\" href=\"https:\/\/www.rossiilluminazione.it\/en\/table-lamps\/galle-style-lamp-with-engraved-glass\/\" \/>\n<meta property=\"og:locale\" content=\"en_US\" \/>\n<meta property=\"og:type\" content=\"article\" \/>\n<meta property=\"og:title\" content=\"Gall\u00e9 style lamp with Engraved Glass di 2026 - Rossi Illuminazione\" \/>\n<meta property=\"og:description\" content=\"Table lamp with glass in Gall\u00e9 style. Etched glass shade, base in burnished antimony, decorated with engravings and patinated.\" \/>\n<meta property=\"og:url\" content=\"https:\/\/www.rossiilluminazione.it\/en\/table-lamps\/galle-style-lamp-with-engraved-glass\/\" \/>\n<meta property=\"og:site_name\" content=\"Rossi Illuminazione\" \/>\n<meta property=\"og:image\" content=\"https:\/\/www.rossiilluminazione.it\/wp-content\/uploads\/2016\/04\/Gall\u00e8_Lamp_Engraved_Glass-scaled.jpg\" \/>\n\t<meta property=\"og:image:width\" content=\"2560\" \/>\n\t<meta property=\"og:image:height\" content=\"1920\" \/>\n\t<meta property=\"og:image:type\" content=\"image\/jpeg\" \/>\n<meta name=\"twitter:card\" content=\"summary_large_image\" \/>\n<meta name=\"twitter:label1\" content=\"Est. reading time\" \/>\n\t<meta name=\"twitter:data1\" content=\"1 minute\" \/>\n<script type=\"application\/ld+json\" class=\"yoast-schema-graph\">{\"@context\":\"https:\/\/schema.org\",\"@graph\":[{\"@type\":\"WebPage\",\"@id\":\"https:\/\/www.rossiilluminazione.it\/en\/table-lamps\/galle-style-lamp-with-engraved-glass\/\",\"url\":\"https:\/\/www.rossiilluminazione.it\/en\/table-lamps\/galle-style-lamp-with-engraved-glass\/\",\"name\":\"Gall\u00e9 style lamp with Engraved Glass di 2026 - Rossi Illuminazione\",\"isPartOf\":{\"@id\":\"https:\/\/www.rossiilluminazione.it\/en\/#website\"},\"primaryImageOfPage\":{\"@id\":\"https:\/\/www.rossiilluminazione.it\/en\/table-lamps\/galle-style-lamp-with-engraved-glass\/#primaryimage\"},\"image\":{\"@id\":\"https:\/\/www.rossiilluminazione.it\/en\/table-lamps\/galle-style-lamp-with-engraved-glass\/#primaryimage\"},\"thumbnailUrl\":\"https:\/\/www.rossiilluminazione.it\/wp-content\/uploads\/2016\/04\/Gall\u00e8_Lamp_Engraved_Glass-scaled.jpg\",\"datePublished\":\"2016-04-30T11:01:10+00:00\",\"dateModified\":\"2016-04-30T11:01:10+00:00\",\"breadcrumb\":{\"@id\":\"https:\/\/www.rossiilluminazione.it\/en\/table-lamps\/galle-style-lamp-with-engraved-glass\/#breadcrumb\"},\"inLanguage\":\"en-US\",\"potentialAction\":[{\"@type\":\"ReadAction\",\"target\":[\"https:\/\/www.rossiilluminazione.it\/en\/table-lamps\/galle-style-lamp-with-engraved-glass\/\"]}]},{\"@type\":\"ImageObject\",\"inLanguage\":\"en-US\",\"@id\":\"https:\/\/www.rossiilluminazione.it\/en\/table-lamps\/galle-style-lamp-with-engraved-glass\/#primaryimage\",\"url\":\"https:\/\/www.rossiilluminazione.it\/wp-content\/uploads\/2016\/04\/Gall\u00e8_Lamp_Engraved_Glass-scaled.jpg\",\"contentUrl\":\"https:\/\/www.rossiilluminazione.it\/wp-content\/uploads\/2016\/04\/Gall\u00e8_Lamp_Engraved_Glass-scaled.jpg\",\"width\":2560,\"height\":1920},{\"@type\":\"BreadcrumbList\",\"@id\":\"https:\/\/www.rossiilluminazione.it\/en\/table-lamps\/galle-style-lamp-with-engraved-glass\/#breadcrumb\",\"itemListElement\":[{\"@type\":\"ListItem\",\"position\":1,\"name\":\"Home\",\"item\":\"https:\/\/www.rossiilluminazione.it\/en\/\"},{\"@type\":\"ListItem\",\"position\":2,\"name\":\"Catalogue\",\"item\":\"https:\/\/www.rossiilluminazione.it\/en\/catalogue\/\"},{\"@type\":\"ListItem\",\"position\":3,\"name\":\"Products\",\"item\":\"https:\/\/www.rossiilluminazione.it\/en\/products-by-categories\/\"},{\"@type\":\"ListItem\",\"position\":4,\"name\":\"Table Lamps\",\"item\":\"https:\/\/www.rossiilluminazione.it\/en\/table-lamps\/\"},{\"@type\":\"ListItem\",\"position\":5,\"name\":\"Gall\u00e9 style lamp with Engraved Glass\"}]},{\"@type\":\"WebSite\",\"@id\":\"https:\/\/www.rossiilluminazione.it\/en\/#website\",\"url\":\"https:\/\/www.rossiilluminazione.it\/en\/\",\"name\":\"Rossi Illuminazione\",\"description\":\"Restauro e realizzazione lampade su misura\",\"publisher\":{\"@id\":\"https:\/\/www.rossiilluminazione.it\/en\/#organization\"},\"potentialAction\":[{\"@type\":\"SearchAction\",\"target\":{\"@type\":\"EntryPoint\",\"urlTemplate\":\"https:\/\/www.rossiilluminazione.it\/en\/?s={search_term_string}\"},\"query-input\":\"required name=search_term_string\"}],\"inLanguage\":\"en-US\"},{\"@type\":\"Organization\",\"@id\":\"https:\/\/www.rossiilluminazione.it\/en\/#organization\",\"name\":\"Rossi Illuminazione\",\"url\":\"https:\/\/www.rossiilluminazione.it\/en\/\",\"logo\":{\"@type\":\"ImageObject\",\"inLanguage\":\"en-US\",\"@id\":\"https:\/\/www.rossiilluminazione.it\/en\/#\/schema\/logo\/image\/\",\"url\":\"https:\/\/www.rossiilluminazione.it\/wp-content\/uploads\/2019\/05\/logo-dark.png\",\"contentUrl\":\"https:\/\/www.rossiilluminazione.it\/wp-content\/uploads\/2019\/05\/logo-dark.png\",\"width\":114,\"height\":81,\"caption\":\"Rossi Illuminazione\"},\"image\":{\"@id\":\"https:\/\/www.rossiilluminazione.it\/en\/#\/schema\/logo\/image\/\"}}]}<\/script>\n<!-- \/ Yoast SEO plugin. -->","yoast_head_json":{"title":"Gall\u00e9 style lamp with Engraved Glass di 2026 - Rossi Illuminazione","robots":{"index":"index","follow":"follow","max-snippet":"max-snippet:-1","max-image-preview":"max-image-preview:large","max-video-preview":"max-video-preview:-1"},"canonical":"https:\/\/www.rossiilluminazione.it\/en\/table-lamps\/galle-style-lamp-with-engraved-glass\/","og_locale":"en_US","og_type":"article","og_title":"Gall\u00e9 style lamp with Engraved Glass di 2026 - Rossi Illuminazione","og_description":"Table lamp with glass in Gall\u00e9 style. Etched glass shade, base in burnished antimony, decorated with engravings and patinated.","og_url":"https:\/\/www.rossiilluminazione.it\/en\/table-lamps\/galle-style-lamp-with-engraved-glass\/","og_site_name":"Rossi Illuminazione","og_image":[{"width":2560,"height":1920,"url":"https:\/\/www.rossiilluminazione.it\/wp-content\/uploads\/2016\/04\/Gall\u00e8_Lamp_Engraved_Glass-scaled.jpg","type":"image\/jpeg"}],"twitter_card":"summary_large_image","twitter_misc":{"Est. reading time":"1 minute"},"schema":{"@context":"https:\/\/schema.org","@graph":[{"@type":"WebPage","@id":"https:\/\/www.rossiilluminazione.it\/en\/table-lamps\/galle-style-lamp-with-engraved-glass\/","url":"https:\/\/www.rossiilluminazione.it\/en\/table-lamps\/galle-style-lamp-with-engraved-glass\/","name":"Gall\u00e9 style lamp with Engraved Glass di 2026 - Rossi Illuminazione","isPartOf":{"@id":"https:\/\/www.rossiilluminazione.it\/en\/#website"},"primaryImageOfPage":{"@id":"https:\/\/www.rossiilluminazione.it\/en\/table-lamps\/galle-style-lamp-with-engraved-glass\/#primaryimage"},"image":{"@id":"https:\/\/www.rossiilluminazione.it\/en\/table-lamps\/galle-style-lamp-with-engraved-glass\/#primaryimage"},"thumbnailUrl":"https:\/\/www.rossiilluminazione.it\/wp-content\/uploads\/2016\/04\/Gall\u00e8_Lamp_Engraved_Glass-scaled.jpg","datePublished":"2016-04-30T11:01:10+00:00","dateModified":"2016-04-30T11:01:10+00:00","breadcrumb":{"@id":"https:\/\/www.rossiilluminazione.it\/en\/table-lamps\/galle-style-lamp-with-engraved-glass\/#breadcrumb"},"inLanguage":"en-US","potentialAction":[{"@type":"ReadAction","target":["https:\/\/www.rossiilluminazione.it\/en\/table-lamps\/galle-style-lamp-with-engraved-glass\/"]}]},{"@type":"ImageObject","inLanguage":"en-US","@id":"https:\/\/www.rossiilluminazione.it\/en\/table-lamps\/galle-style-lamp-with-engraved-glass\/#primaryimage","url":"https:\/\/www.rossiilluminazione.it\/wp-content\/uploads\/2016\/04\/Gall\u00e8_Lamp_Engraved_Glass-scaled.jpg","contentUrl":"https:\/\/www.rossiilluminazione.it\/wp-content\/uploads\/2016\/04\/Gall\u00e8_Lamp_Engraved_Glass-scaled.jpg","width":2560,"height":1920},{"@type":"BreadcrumbList","@id":"https:\/\/www.rossiilluminazione.it\/en\/table-lamps\/galle-style-lamp-with-engraved-glass\/#breadcrumb","itemListElement":[{"@type":"ListItem","position":1,"name":"Home","item":"https:\/\/www.rossiilluminazione.it\/en\/"},{"@type":"ListItem","position":2,"name":"Catalogue","item":"https:\/\/www.rossiilluminazione.it\/en\/catalogue\/"},{"@type":"ListItem","position":3,"name":"Products","item":"https:\/\/www.rossiilluminazione.it\/en\/products-by-categories\/"},{"@type":"ListItem","position":4,"name":"Table Lamps","item":"https:\/\/www.rossiilluminazione.it\/en\/table-lamps\/"},{"@type":"ListItem","position":5,"name":"Gall\u00e9 style lamp with Engraved Glass"}]},{"@type":"WebSite","@id":"https:\/\/www.rossiilluminazione.it\/en\/#website","url":"https:\/\/www.rossiilluminazione.it\/en\/","name":"Rossi Illuminazione","description":"Restauro e realizzazione lampade su misura","publisher":{"@id":"https:\/\/www.rossiilluminazione.it\/en\/#organization"},"potentialAction":[{"@type":"SearchAction","target":{"@type":"EntryPoint","urlTemplate":"https:\/\/www.rossiilluminazione.it\/en\/?s={search_term_string}"},"query-input":"required name=search_term_string"}],"inLanguage":"en-US"},{"@type":"Organization","@id":"https:\/\/www.rossiilluminazione.it\/en\/#organization","name":"Rossi Illuminazione","url":"https:\/\/www.rossiilluminazione.it\/en\/","logo":{"@type":"ImageObject","inLanguage":"en-US","@id":"https:\/\/www.rossiilluminazione.it\/en\/#\/schema\/logo\/image\/","url":"https:\/\/www.rossiilluminazione.it\/wp-content\/uploads\/2019\/05\/logo-dark.png","contentUrl":"https:\/\/www.rossiilluminazione.it\/wp-content\/uploads\/2019\/05\/logo-dark.png","width":114,"height":81,"caption":"Rossi Illuminazione"},"image":{"@id":"https:\/\/www.rossiilluminazione.it\/en\/#\/schema\/logo\/image\/"}}]}},"_links":{"self":[{"href":"https:\/\/www.rossiilluminazione.it\/en\/wp-json\/wp\/v2\/product\/1909"}],"collection":[{"href":"https:\/\/www.rossiilluminazione.it\/en\/wp-json\/wp\/v2\/product"}],"about":[{"href":"https:\/\/www.rossiilluminazione.it\/en\/wp-json\/wp\/v2\/types\/product"}],"wp:featuredmedia":[{"embeddable":true,"href":"https:\/\/www.rossiilluminazione.it\/en\/wp-json\/wp\/v2\/media\/1602"}],"wp:attachment":[{"href":"https:\/\/www.rossiilluminazione.it\/en\/wp-json\/wp\/v2\/media?parent=1909"}],"wp:term":[{"taxonomy":"product_cat","embeddable":true,"href":"https:\/\/www.rossiilluminazione.it\/en\/wp-json\/wp\/v2\/product_cat?post=1909"},{"taxonomy":"product_tag","embeddable":true,"href":"https:\/\/www.rossiilluminazione.it\/en\/wp-json\/wp\/v2\/product_tag?post=1909"}],"curies":[{"name":"wp","href":"https:\/\/api.w.org\/{rel}","templated":true}]}}